{"id":32,"date":"2026-02-16T00:59:41","date_gmt":"2026-02-16T00:59:41","guid":{"rendered":"https:\/\/www.neuro-linked.com\/home\/"},"modified":"2026-03-07T12:51:57","modified_gmt":"2026-03-07T12:51:57","slug":"accueil","status":"publish","type":"page","link":"https:\/\/www.neuro-linked.com\/en\/","title":{"rendered":"Accueil"},"content":{"rendered":"<div class=\"wp-block-group alignfull is-style-ext-preset--group--natural-1--section has-background-background-color has-background has-global-padding is-layout-constrained wp-block-group-is-layout-constrained\" style=\"margin-top:0;margin-bottom:0;padding-top:var(--wp--preset--spacing--50);padding-bottom:var(--wp--preset--spacing--70)\">\n<div class=\"wp-block-columns alignwide are-vertically-aligned-top is-layout-flex wp-container-core-columns-is-layout-47c06fe3 wp-block-columns-is-layout-flex\">\n<div class=\"wp-block-column is-vertically-aligned-top is-layout-flow wp-block-column-is-layout-flow\" style=\"flex-basis:448px\">\n<div class=\"wp-block-group is-style-ext-preset-group-natural-1-item-card-1 is-style-ext-preset--group--natural-1--item-card-1--align-center has-tertiary-background-color has-background has-global-padding is-layout-constrained wp-container-core-group-is-layout-eb7ca697 wp-block-group-is-layout-constrained is-style-ext-preset--group--natural-1--item-card-1--align-center--2\" style=\"padding-top:1px;padding-right:1px;padding-bottom:1px;padding-left:1px\">\n<div class=\"wp-block-group has-global-padding is-layout-constrained wp-container-core-group-is-layout-a35945ca wp-block-group-is-layout-constrained\" style=\"padding-top:var(--wp--preset--spacing--30);padding-right:var(--wp--preset--spacing--30);padding-bottom:var(--wp--preset--spacing--30);padding-left:var(--wp--preset--spacing--30)\">\n<figure class=\"wp-block-image size-large has-custom-border is-style-ext-preset--image--natural-1--image-1--content-bottom is-style-ext-preset--image--natural-1--image-1--content-bottom--3\"><img fetchpriority=\"high\" decoding=\"async\" width=\"485\" height=\"1024\" src=\"https:\/\/www.neuro-linked.com\/wp-content\/uploads\/2026\/02\/IMG_0184-1-485x1024.jpg\" alt=\"\" class=\"wp-image-147\" style=\"border-style:none;border-width:0px;box-shadow:none;aspect-ratio:1;object-fit:cover\" srcset=\"https:\/\/www.neuro-linked.com\/wp-content\/uploads\/2026\/02\/IMG_0184-1-485x1024.jpg 485w, https:\/\/www.neuro-linked.com\/wp-content\/uploads\/2026\/02\/IMG_0184-1-142x300.jpg 142w, https:\/\/www.neuro-linked.com\/wp-content\/uploads\/2026\/02\/IMG_0184-1-6x12.jpg 6w, https:\/\/www.neuro-linked.com\/wp-content\/uploads\/2026\/02\/IMG_0184-1.jpg 576w\" sizes=\"(max-width: 485px) 100vw, 485px\" \/><\/figure>\n<\/div>\n<\/div>\n<\/div>\n\n\n\n<div class=\"wp-block-column is-vertically-aligned-top is-layout-flow wp-block-column-is-layout-flow\">\n<h1 class=\"wp-block-heading\"><strong>Un enfant compris peut r\u00e9v\u00e9ler son potentiel.<\/strong><\/h1>\n\n\n\n<div class=\"wp-block-columns is-layout-flex wp-container-core-columns-is-layout-caace84b wp-block-columns-is-layout-flex\">\n<div class=\"wp-block-column is-layout-flow wp-block-column-is-layout-flow\" style=\"padding-top:10px;flex-basis:112px\">\n<div class=\"wp-block-group has-global-padding is-content-justification-left is-layout-constrained wp-container-core-group-is-layout-12e5e36b wp-block-group-is-layout-constrained\">\n<hr class=\"wp-block-separator has-alpha-channel-opacity is-style-wide\"\/>\n<\/div>\n<\/div>\n\n\n\n<div class=\"wp-block-column is-layout-flow wp-block-column-is-layout-flow\" style=\"flex-basis:66.66%\">\n<p>Nous aidons les familles francophones expatri\u00e9es \u00e0 acc\u00e9der \u00e0 des \u00e9valuations neuropsychologiques en fran\u00e7ais, sans d\u00e9lais excessifs et \u00e0 co\u00fbt r\u00e9duit, afin que leurs enfants puissent \u00eatre compris et soutenus dans leur parcours scolaire.<\/p>\n\n\n\n<p><em>Premier \u00e9change gratuit \u2013 sans engagement<\/em><\/p>\n\n\n\n<div class=\"wp-block-buttons is-layout-flex wp-block-buttons-is-layout-flex\">\n<div class=\"wp-block-button is-style-ext-preset--button--natural-1--button-1 is-style-ext-preset--button--natural-1--button-1--4\"><a class=\"wp-block-button__link wp-element-button\" href=\"https:\/\/www.neuro-linked.com\/en\/?page_id=28\"><em>Parler de la situation de mon enfant<\/em><\/a><\/div>\n<\/div>\n<\/div>\n<\/div>\n<\/div>\n<\/div>\n<\/div>\n\n\n\n<div class=\"wp-block-group alignfull is-style-ext-preset--group--natural-1--section has-tertiary-background-color has-background has-global-padding is-layout-constrained wp-block-group-is-layout-constrained\" style=\"margin-top:0;margin-bottom:0;padding-top:var(--wp--preset--spacing--70);padding-bottom:var(--wp--preset--spacing--70)\">\n<div class=\"wp-block-columns alignwide are-vertically-aligned-center is-layout-flex wp-container-core-columns-is-layout-174606dc wp-block-columns-is-layout-flex\">\n<div class=\"wp-block-column is-vertically-aligned-center is-layout-flow wp-block-column-is-layout-flow\">\n<div class=\"wp-block-group alignwide is-vertical is-layout-flex wp-container-core-group-is-layout-c35747d5 wp-block-group-is-layout-flex\">\n<div class=\"wp-block-group has-global-padding is-layout-constrained wp-container-core-group-is-layout-dd32767c wp-block-group-is-layout-constrained\">\n<h2 class=\"wp-block-heading\">Pourquoi ce service existe<\/h2>\n\n\n\n<p>Ce service est n\u00e9 d\u2019une exp\u00e9rience personnelle.<\/p>\n\n\n\n<p>Comme de nombreuses familles francophones expatri\u00e9es, les cr\u00e9ateurs de ce projet ont \u00e9t\u00e9 confront\u00e9s \u00e0 des d\u00e9lais tr\u00e8s longs, \u00e0 des \u00e9valuations r\u00e9alis\u00e9es dans une langue non maternelle, \u00e0 des co\u00fbts \u00e9lev\u00e9s, et surtout \u00e0 l\u2019impact que ces obstacles peuvent avoir sur les apprentissages et le bien-\u00eatre d\u2019un enfant.<\/p>\n\n\n\n<p>Ce service a \u00e9t\u00e9 con\u00e7u pour aider d\u2019autres familles \u00e0&nbsp;<strong>agir plus t\u00f4t<\/strong>, avec clart\u00e9 et accompagnement.<\/p>\n<\/div>\n<\/div>\n<\/div>\n\n\n\n<div class=\"wp-block-column is-vertically-aligned-center is-layout-flow wp-block-column-is-layout-flow\">\n<figure class=\"wp-block-image size-large is-style-ext-preset--image--natural-1--image-1--content-left is-style-ext-preset--image--natural-1--image-1--content-left--6\"><img decoding=\"async\" width=\"1024\" height=\"683\" src=\"https:\/\/www.neuro-linked.com\/wp-content\/uploads\/2026\/02\/featured-image-7-2-1024x683.jpg\" alt=\"\" class=\"wp-image-149\" style=\"aspect-ratio:1;object-fit:cover\" srcset=\"https:\/\/www.neuro-linked.com\/wp-content\/uploads\/2026\/02\/featured-image-7-2-1024x683.jpg 1024w, https:\/\/www.neuro-linked.com\/wp-content\/uploads\/2026\/02\/featured-image-7-2-300x200.jpg 300w, https:\/\/www.neuro-linked.com\/wp-content\/uploads\/2026\/02\/featured-image-7-2-768x512.jpg 768w, https:\/\/www.neuro-linked.com\/wp-content\/uploads\/2026\/02\/featured-image-7-2-18x12.jpg 18w, https:\/\/www.neuro-linked.com\/wp-content\/uploads\/2026\/02\/featured-image-7-2.jpg 1470w\" sizes=\"(max-width: 1024px) 100vw, 1024px\" \/><\/figure>\n<\/div>\n<\/div>\n<\/div>\n\n\n\n<div class=\"wp-block-group alignfull is-style-ext-preset--group--natural-1--section has-background-background-color has-background is-nowrap is-layout-flex wp-container-core-group-is-layout-ed9de7f5 wp-block-group-is-layout-flex\" style=\"margin-top:0;margin-bottom:0;padding-top:var(--wp--preset--spacing--70);padding-bottom:var(--wp--preset--spacing--70)\">\n<div class=\"wp-block-columns alignwide are-vertically-aligned-center is-layout-flex wp-container-core-columns-is-layout-174606dc wp-block-columns-is-layout-flex\">\n<div class=\"wp-block-column is-vertically-aligned-center is-layout-flow wp-block-column-is-layout-flow\">\n<figure class=\"wp-block-image aligncenter size-large is-resized is-style-ext-preset--image--natural-1--image-1--content-right is-style-ext-preset--image--natural-1--image-1--content-right--8\"><img decoding=\"async\" width=\"960\" height=\"960\" src=\"https:\/\/www.neuro-linked.com\/wp-content\/uploads\/2026\/02\/986b938bd785c90eb3823e34b44cdf62322700e2-1-edited.jpg\" alt=\"\" class=\"wp-image-208\" style=\"object-fit:cover;width:542px;height:auto\" srcset=\"https:\/\/www.neuro-linked.com\/wp-content\/uploads\/2026\/02\/986b938bd785c90eb3823e34b44cdf62322700e2-1-edited.jpg 960w, https:\/\/www.neuro-linked.com\/wp-content\/uploads\/2026\/02\/986b938bd785c90eb3823e34b44cdf62322700e2-1-edited-300x300.jpg 300w, https:\/\/www.neuro-linked.com\/wp-content\/uploads\/2026\/02\/986b938bd785c90eb3823e34b44cdf62322700e2-1-edited-150x150.jpg 150w, https:\/\/www.neuro-linked.com\/wp-content\/uploads\/2026\/02\/986b938bd785c90eb3823e34b44cdf62322700e2-1-edited-768x768.jpg 768w, https:\/\/www.neuro-linked.com\/wp-content\/uploads\/2026\/02\/986b938bd785c90eb3823e34b44cdf62322700e2-1-edited-12x12.jpg 12w\" sizes=\"(max-width: 960px) 100vw, 960px\" \/><\/figure>\n<\/div>\n\n\n\n<div class=\"wp-block-column is-vertically-aligned-center is-layout-flow wp-block-column-is-layout-flow\">\n<div class=\"wp-block-group alignwide is-vertical is-layout-flex wp-container-core-group-is-layout-c35747d5 wp-block-group-is-layout-flex\">\n<div class=\"wp-block-group has-global-padding is-layout-constrained wp-container-core-group-is-layout-dd32767c wp-block-group-is-layout-constrained\">\n<div class=\"wp-block-group has-global-padding is-layout-constrained wp-block-group-is-layout-constrained\">\n<div class=\"wp-block-group has-global-padding is-content-justification-left is-layout-constrained wp-container-core-group-is-layout-12dd3699 wp-block-group-is-layout-constrained\">\n<h2 class=\"wp-block-heading\">Quand un enfant n&#8217;est pas compris<\/h2>\n\n\n\n<ul class=\"wp-block-list\">\n<li>Difficult\u00e9s persistantes en lecture, \u00e9criture ou math\u00e9matiques<\/li>\n\n\n\n<li>Fatigue cognitive et d\u00e9couragement<\/li>\n\n\n\n<li>Perte de confiance en soi<\/li>\n\n\n\n<li>Incompr\u00e9hension de la part de l&#8217;\u00e9cole<\/li>\n\n\n\n<li>D\u00e9crochage scolaire progressif<\/li>\n<\/ul>\n\n\n\n<p>Sans \u00e9valuation claire, l\u2019enfant peut \u00eatre per\u00e7u comme \u201cen difficult\u00e9\u201d, alors qu\u2019il a surtout besoin d\u2019\u00eatre compris et accompagn\u00e9.<\/p>\n<\/div>\n<\/div>\n<\/div>\n<\/div>\n<\/div>\n<\/div>\n<\/div>\n\n\n\n<div class=\"wp-block-group alignfull is-style-ext-preset--group--natural-1--section has-tertiary-background-color has-background has-global-padding is-layout-constrained wp-container-core-group-is-layout-e955bbaf wp-block-group-is-layout-constrained\" style=\"margin-top:0;margin-bottom:0;padding-top:var(--wp--preset--spacing--70);padding-bottom:var(--wp--preset--spacing--70)\">\n<div class=\"wp-block-group alignwide is-vertical is-content-justification-center is-layout-flex wp-container-core-group-is-layout-c9ee0c5a wp-block-group-is-layout-flex\">\n<div class=\"wp-block-group has-global-padding is-layout-constrained wp-container-core-group-is-layout-5e05634a wp-block-group-is-layout-constrained\">\n<h2 class=\"wp-block-heading has-text-align-center\">Notre Approche<\/h2>\n<\/div>\n<\/div>\n\n\n\n<div class=\"wp-block-columns alignwide is-layout-flex wp-container-core-columns-is-layout-08c01c1c wp-block-columns-is-layout-flex\">\n<div class=\"wp-block-column is-vertically-aligned-stretch is-layout-flow wp-container-core-column-is-layout-f5bb311e wp-block-column-is-layout-flow\">\n<div class=\"wp-block-group is-style-ext-preset--group--natural-1--item-card-1--align-center has-global-padding is-layout-constrained wp-block-group-is-layout-constrained is-style-ext-preset--group--natural-1--item-card-1--align-center--10\">\n<div class=\"wp-block-group is-style-default has-global-padding is-layout-constrained wp-block-group-is-layout-constrained\">\n<figure class=\"wp-block-image aligncenter size-large ext-aspect-landscape wp-duotone-primary-foreground\"><img decoding=\"async\" src=\"data:image\/svg+xml;base64,PHN2ZyB4bWxucz0iaHR0cDovL3d3dy53My5vcmcvMjAwMC9zdmciIHdpZHRoPSI0OCIgaGVpZ2h0PSI0OCIgZmlsbD0iIzAwMDAwMCIgdmlld0JveD0iMCAwIDI1NiAyNTYiPjxwYXRoIGQ9Ik0xNzIsNzZhNDQsNDQsMCwxLDAtNDQsNDRBNDQuMDUsNDQuMDUsMCwwLDAsMTcyLDc2Wm0tNDQsMjhhMjgsMjgsMCwxLDEsMjgtMjhBMjgsMjgsMCwwLDEsMTI4LDEwNFptNjAsMjRhNDQsNDQsMCwxLDAsNDQsNDRBNDQuMDUsNDQuMDUsMCwwLDAsMTg4LDEyOFptMCw3MmEyOCwyOCwwLDEsMSwyOC0yOEEyOCwyOCwwLDAsMSwxODgsMjAwWk02OCwxMjhhNDQsNDQsMCwxLDAsNDQsNDRBNDQuMDUsNDQuMDUsMCwwLDAsNjgsMTI4Wm0wLDcyYTI4LDI4LDAsMSwxLDI4LTI4QTI4LDI4LDAsMCwxLDY4LDIwMFoiPjwvcGF0aD48L3N2Zz4=\" alt=\"\" style=\"object-fit:cover\"\/><\/figure>\n\n\n\n<h3 class=\"wp-block-heading has-text-align-center\">Agir sans attendre<\/h3>\n\n\n\n<p class=\"has-text-align-center\">Parce que chaque ann\u00e9e sans soutien peut accentuer les difficult\u00e9s d\u2019apprentissage.<\/p>\n<\/div>\n<\/div>\n<\/div>\n\n\n\n<div class=\"wp-block-column is-vertically-aligned-stretch is-layout-flow wp-container-core-column-is-layout-f5bb311e wp-block-column-is-layout-flow\">\n<div class=\"wp-block-group is-style-ext-preset--group--natural-1--item-card-1--align-center has-global-padding is-layout-constrained wp-block-group-is-layout-constrained is-style-ext-preset--group--natural-1--item-card-1--align-center--11\">\n<div class=\"wp-block-group is-style-default has-global-padding is-layout-constrained wp-block-group-is-layout-constrained\">\n<figure class=\"wp-block-image aligncenter size-large ext-aspect-landscape wp-duotone-primary-foreground\"><img decoding=\"async\" src=\"data:image\/svg+xml;base64,PHN2ZyB4bWxucz0iaHR0cDovL3d3dy53My5vcmcvMjAwMC9zdmciIHdpZHRoPSI0OCIgaGVpZ2h0PSI0OCIgZmlsbD0iIzAwMDAwMCIgdmlld0JveD0iMCAwIDI1NiAyNTYiPjxwYXRoIGQ9Ik04MCw0MGE0MCw0MCwwLDEsMCw0MCw0MEE0MCw0MCwwLDAsMCw4MCw0MFptMCw2NGEyNCwyNCwwLDEsMSwyNC0yNEEyNCwyNCwwLDAsMSw4MCwxMDRabTk2LDE2YTQwLDQwLDAsMSwwLTQwLTQwQTQwLDQwLDAsMCwwLDE3NiwxMjBabTAtNjRhMjQsMjQsMCwxLDEtMjQsMjRBMjQsMjQsMCwwLDEsMTc2LDU2Wk04MCwxMzZhNDAsNDAsMCwxLDAsNDAsNDBBNDAsNDAsMCwwLDAsODAsMTM2Wm0wLDY0YTI0LDI0LDAsMSwxLDI0LTI0QTI0LDI0LDAsMCwxLDgwLDIwMFptOTYtNjRhNDAsNDAsMCwxLDAsNDAsNDBBNDAsNDAsMCwwLDAsMTc2LDEzNlptMCw2NGEyNCwyNCwwLDEsMSwyNC0yNEEyNCwyNCwwLDAsMSwxNzYsMjAwWiI+PC9wYXRoPjwvc3ZnPg==\" alt=\"\" style=\"object-fit:cover\"\/><\/figure>\n\n\n\n<h3 class=\"wp-block-heading has-text-align-center\">\u00c9valuer en fran\u00e7ais<\/h3>\n\n\n\n<p class=\"has-text-align-center\">Tester l\u2019enfant dans sa langue maternelle permet d\u2019\u00e9viter les biais et de mieux comprendre son fonctionnement r\u00e9el.<\/p>\n<\/div>\n<\/div>\n<\/div>\n\n\n\n<div class=\"wp-block-column is-vertically-aligned-stretch is-layout-flow wp-container-core-column-is-layout-f5bb311e wp-block-column-is-layout-flow\">\n<div class=\"wp-block-group is-style-ext-preset--group--natural-1--item-card-1--align-center has-global-padding is-layout-constrained wp-block-group-is-layout-constrained is-style-ext-preset--group--natural-1--item-card-1--align-center--12\">\n<div class=\"wp-block-group is-style-default has-global-padding is-layout-constrained wp-block-group-is-layout-constrained\">\n<figure class=\"wp-block-image aligncenter size-large ext-aspect-landscape wp-duotone-primary-foreground\"><img decoding=\"async\" src=\"data:image\/svg+xml;base64,PHN2ZyB4bWxucz0iaHR0cDovL3d3dy53My5vcmcvMjAwMC9zdmciIHdpZHRoPSI0OCIgaGVpZ2h0PSI0OCIgZmlsbD0iIzAwMDAwMCIgdmlld0JveD0iMCAwIDI1NiAyNTYiPjxwYXRoIGQ9Ik04MCw0MGE0MCw0MCwwLDEsMCw0MCw0MEE0MCw0MCwwLDAsMCw4MCw0MFptMCw2NGEyNCwyNCwwLDEsMSwyNC0yNEEyNCwyNCwwLDAsMSw4MCwxMDRabTk2LDE2YTQwLDQwLDAsMSwwLTQwLTQwQTQwLDQwLDAsMCwwLDE3NiwxMjBabTAtNjRhMjQsMjQsMCwxLDEtMjQsMjRBMjQsMjQsMCwwLDEsMTc2LDU2Wk04MCwxMzZhNDAsNDAsMCwxLDAsNDAsNDBBNDAsNDAsMCwwLDAsODAsMTM2Wm0wLDY0YTI0LDI0LDAsMSwxLDI0LTI0QTI0LDI0LDAsMCwxLDgwLDIwMFptMTM2LTI0YTgsOCwwLDAsMS04LDhIMTg0djI0YTgsOCwwLDAsMS0xNiwwVjE4NEgxNDRhOCw4LDAsMCwxLDAtMTZoMjRWMTQ0YTgsOCwwLDAsMSwxNiwwdjI0aDI0QTgsOCwwLDAsMSwyMTYsMTc2WiI+PC9wYXRoPjwvc3ZnPg==\" alt=\"\" style=\"object-fit:cover\"\/><\/figure>\n\n\n\n<h3 class=\"wp-block-heading has-text-align-center\">Co\u00fbt accessible<\/h3>\n\n\n\n<p class=\"has-text-align-center\">Une alternative financi\u00e8rement plus accessible qu\u2019aux \u00c9tats-Unis, sans compromis sur la qualit\u00e9.<\/p>\n<\/div>\n<\/div>\n<\/div>\n<\/div>\n<\/div>\n\n\n\n<div class=\"wp-block-group alignfull is-style-ext-preset--group--natural-1--section has-background-background-color has-background has-global-padding is-layout-constrained wp-container-core-group-is-layout-e955bbaf wp-block-group-is-layout-constrained\" id=\"events\" style=\"margin-top:0;margin-bottom:0;padding-top:var(--wp--preset--spacing--70);padding-bottom:var(--wp--preset--spacing--70)\">\n<div class=\"wp-block-group alignwide is-vertical is-content-justification-center is-layout-flex wp-container-core-group-is-layout-c9ee0c5a wp-block-group-is-layout-flex\">\n<div class=\"wp-block-group has-global-padding is-layout-constrained wp-container-core-group-is-layout-2287c683 wp-block-group-is-layout-constrained\">\n<h2 class=\"wp-block-heading has-text-align-center\">Reconnaissance aux \u00c9tats-Unis<\/h2>\n\n\n\n<p class=\"has-text-align-center\">Nous accompagnons les familles afin de faciliter la compr\u00e9hension et l\u2019utilisation des \u00e9valuations r\u00e9alis\u00e9es en France par les \u00e9coles et professionnels am\u00e9ricains.<\/p>\n\n\n\n<p class=\"has-text-align-center\">Cela inclut un protocole structur\u00e9 et une attention particuli\u00e8re port\u00e9e \u00e0 la communication du rapport, tout en restant transparents : chaque district scolaire conserve ses propres crit\u00e8res de d\u00e9cision.<\/p>\n<\/div>\n<\/div>\n<\/div>\n\n\n\n<div class=\"wp-block-group alignfull is-style-ext-preset--group--natural-1--section has-tertiary-background-color has-background has-global-padding is-layout-constrained wp-container-core-group-is-layout-e955bbaf wp-block-group-is-layout-constrained\" id=\"events\" style=\"margin-top:0;margin-bottom:0;padding-top:var(--wp--preset--spacing--70);padding-bottom:var(--wp--preset--spacing--70)\">\n<div class=\"wp-block-group alignwide is-vertical is-content-justification-center is-layout-flex wp-container-core-group-is-layout-c9ee0c5a wp-block-group-is-layout-flex\">\n<div class=\"wp-block-group has-global-padding is-layout-constrained wp-container-core-group-is-layout-2287c683 wp-block-group-is-layout-constrained\">\n<h2 class=\"wp-block-heading has-text-align-center\">Vous vous posez des questions sur la situation de votre enfant?<\/h2>\n<\/div>\n\n\n\n<div class=\"wp-block-buttons alignwide is-content-justification-center is-layout-flex wp-container-core-buttons-is-layout-a89b3969 wp-block-buttons-is-layout-flex\">\n<div class=\"wp-block-button\"><a class=\"wp-block-button__link has-text-align-center wp-element-button\" href=\"https:\/\/www.neuro-linked.com\/en\/?page_id=28\">\u00catre contact\u00e9 gratuitement<\/a><\/div>\n<\/div>\n<\/div>\n\n\n\n<p class=\"has-text-align-center\"><em>\u00c9change confidentiel sans engagement<\/em><\/p>\n<\/div>","protected":false},"excerpt":{"rendered":"<p>Un enfant compris peut r\u00e9v\u00e9ler son potentiel. Nous aidons les familles francophones expatri\u00e9es \u00e0 acc\u00e9der \u00e0 des \u00e9valuations neuropsychologiques en fran\u00e7ais, sans d\u00e9lais excessifs et \u00e0 co\u00fbt r\u00e9duit, afin que [&hellip;]<\/p>\n","protected":false},"author":1,"featured_media":0,"parent":0,"menu_order":0,"comment_status":"closed","ping_status":"closed","template":"","meta":{"om_disable_all_campaigns":false,"_monsterinsights_skip_tracking":false,"_monsterinsights_sitenote_active":false,"_monsterinsights_sitenote_note":"","_monsterinsights_sitenote_category":0,"_EventAllDay":false,"_EventTimezone":"","_EventStartDate":"","_EventEndDate":"","_EventStartDateUTC":"","_EventEndDateUTC":"","_EventShowMap":false,"_EventShowMapLink":false,"_EventURL":"","_EventCost":"","_EventCostDescription":"","_EventCurrencySymbol":"","_EventCurrencyCode":"","_EventCurrencyPosition":"","_EventDateTimeSeparator":"","_EventTimeRangeSeparator":"","_EventOrganizerID":[],"_EventVenueID":[],"_OrganizerEmail":"","_OrganizerPhone":"","_OrganizerWebsite":"","_VenueAddress":"","_VenueCity":"","_VenueCountry":"","_VenueProvince":"","_VenueState":"","_VenueZip":"","_VenuePhone":"","_VenueURL":"","_VenueStateProvince":"","_VenueLat":"","_VenueLng":"","_VenueShowMap":false,"_VenueShowMapLink":false,"footnotes":""},"class_list":["post-32","page","type-page","status-publish","hentry"],"aioseo_notices":[],"jetpack_sharing_enabled":true,"_links":{"self":[{"href":"https:\/\/www.neuro-linked.com\/en\/wp-json\/wp\/v2\/pages\/32","targetHints":{"allow":["GET"]}}],"collection":[{"href":"https:\/\/www.neuro-linked.com\/en\/wp-json\/wp\/v2\/pages"}],"about":[{"href":"https:\/\/www.neuro-linked.com\/en\/wp-json\/wp\/v2\/types\/page"}],"author":[{"embeddable":true,"href":"https:\/\/www.neuro-linked.com\/en\/wp-json\/wp\/v2\/users\/1"}],"replies":[{"embeddable":true,"href":"https:\/\/www.neuro-linked.com\/en\/wp-json\/wp\/v2\/comments?post=32"}],"version-history":[{"count":10,"href":"https:\/\/www.neuro-linked.com\/en\/wp-json\/wp\/v2\/pages\/32\/revisions"}],"predecessor-version":[{"id":804,"href":"https:\/\/www.neuro-linked.com\/en\/wp-json\/wp\/v2\/pages\/32\/revisions\/804"}],"wp:attachment":[{"href":"https:\/\/www.neuro-linked.com\/en\/wp-json\/wp\/v2\/media?parent=32"}],"curies":[{"name":"wp","href":"https:\/\/api.w.org\/{rel}","templated":true}]}}